{"id":12773,"date":"2017-07-31T20:23:16","date_gmt":"2017-07-31T20:23:16","guid":{"rendered":"https:\/\/amidasi.amidas.eu\/rechtshinweis\/"},"modified":"2024-01-31T11:06:52","modified_gmt":"2024-01-31T11:06:52","slug":"rechtshinweis","status":"publish","type":"page","link":"https:\/\/amidasi.amidas.eu\/de\/rechtshinweis\/","title":{"rendered":"Rechtshinweis"},"content":{"rendered":"<div class=\"fusion-fullwidth fullwidth-box fusion-builder-row-1 fusion-flex-container nonhundred-percent-fullwidth non-hundred-percent-height-scrolling\" style=\"--awb-border-radius-top-left:0px;--awb-border-radius-top-right:0px;--awb-border-radius-bottom-right:0px;--awb-border-radius-bottom-left:0px;--awb-flex-wrap:wrap;\" ><div class=\"fusion-builder-row fusion-row fusion-flex-align-items-flex-start fusion-flex-content-wrap\" style=\"max-width:1248px;margin-left: calc(-4% \/ 2 );margin-right: calc(-4% \/ 2 );\"><div class=\"fusion-layout-column fusion_builder_column fusion-builder-column-0 fusion_builder_column_1_1 1_1 fusion-flex-column\" style=\"--awb-bg-size:cover;--awb-width-large:100%;--awb-margin-top-large:0px;--awb-spacing-right-large:1.92%;--awb-margin-bottom-large:0px;--awb-spacing-left-large:1.92%;--awb-width-medium:100%;--awb-spacing-right-medium:1.92%;--awb-spacing-left-medium:1.92%;--awb-width-small:100%;--awb-spacing-right-small:1.92%;--awb-spacing-left-small:1.92%;\"><div class=\"fusion-column-wrapper fusion-flex-justify-content-flex-start fusion-content-layout-column\"><div class=\"fusion-text fusion-text-1\"><p>Die auf dieser Internetseite ver\u00f6ffentlichten Inhalte, sind Eigentum von Amidas d.o.o. und d\u00fcrfen nur f\u00fcr nichtkommerzielle Zwecke und f\u00fcr den pers\u00f6nlichen Gebrauch verwendet werden, wobei keinerlei Urheberrechte verletzt werden d\u00fcrfen. Ohne vorherige schriftliche Zustimmung des Eigent\u00fcmers der Internetseite d\u00fcrfen die Inhalte weder kopiert noch vervielf\u00e4ltigt oder auf sonstige Weise verteilt werden. Jegliche anderweitige Nutzung oder Verteilung dieser Inhalte oder einzelner Teilabschnitte ist untersagt. Der Inhaber der Internetseite ist nicht f\u00fcr eventuelle Folgesch\u00e4den der Nutzung verantwortlich.<\/p>\n<p>Amidas d.o.o. haftet nicht f\u00fcr die Benutzung der Internetseite und f\u00fcr eventuelle Sch\u00e4den, die durch die Nutzung der auf dieser Internetseite enthaltenen Inhalte entstehen. Der Eigent\u00fcmer haftet weder f\u00fcr die Genauigkeit der auf der Internetseite ver\u00f6ffentlichten Inhalte noch f\u00fcr jegliche Verluste oder Sch\u00e4den, die aufgrund der Nutzung dieser Inhalte entstehen sollten. Der Benutzer verwendet die auf der Internetseite ver\u00f6ffentlichten Inhalte und Dienstleistungen auf eigene Gefahr. F\u00fcr vom Benutzer ins Netz gestellte Inhalte \u00fcbernimmt der Eigent\u00fcmer der Internetseite keinerlei Haftung und beh\u00e4lt sich das Recht vor, diese Inhalte im Falle von Unangemessenheit zu entfernen.<\/p>\n<p>Amidas d.o.o. beh\u00e4lt sich das Recht auf \u00c4nderungen der auf der Internetseite ver\u00f6ffentlichten Inhalte vor. Das Unternehmen verwaltet alle auf der Internetseite gesammelten Daten gem\u00e4\u00df der geltenden Gesetzgebung.<\/p>\n<div style=\"all: initial;\">\n<div style=\"position: fixed; z-index: 2147483647; inset: 16px; pointer-events: none; font-family: sans-serif;\"><\/div>\n<\/div>\n<div style=\"all: initial;\">\n<div style=\"position: fixed; z-index: 2147483647; inset: 16px; pointer-events: none; font-family: sans-serif;\"><\/div>\n<\/div>\n<\/div><\/div><\/div><\/div><\/div>\n","protected":false},"excerpt":{"rendered":"","protected":false},"author":1,"featured_media":0,"parent":0,"menu_order":30,"comment_status":"closed","ping_status":"closed","template":"","meta":{"content-type":"","footnotes":""},"class_list":["post-12773","page","type-page","status-publish","hentry"],"_links":{"self":[{"href":"https:\/\/amidasi.amidas.eu\/de\/wp-json\/wp\/v2\/pages\/12773","targetHints":{"allow":["GET"]}}],"collection":[{"href":"https:\/\/amidasi.amidas.eu\/de\/wp-json\/wp\/v2\/pages"}],"about":[{"href":"https:\/\/amidasi.amidas.eu\/de\/wp-json\/wp\/v2\/types\/page"}],"author":[{"embeddable":true,"href":"https:\/\/amidasi.amidas.eu\/de\/wp-json\/wp\/v2\/users\/1"}],"replies":[{"embeddable":true,"href":"https:\/\/amidasi.amidas.eu\/de\/wp-json\/wp\/v2\/comments?post=12773"}],"version-history":[{"count":0,"href":"https:\/\/amidasi.amidas.eu\/de\/wp-json\/wp\/v2\/pages\/12773\/revisions"}],"wp:attachment":[{"href":"https:\/\/amidasi.amidas.eu\/de\/wp-json\/wp\/v2\/media?parent=12773"}],"curies":[{"name":"wp","href":"https:\/\/api.w.org\/{rel}","templated":true}]}}