{"id":12546,"date":"2017-06-23T10:27:57","date_gmt":"2017-06-23T10:27:57","guid":{"rendered":"https:\/\/amidasi.amidas.eu\/cookies\/"},"modified":"2021-09-06T14:22:40","modified_gmt":"2021-09-06T14:22:40","slug":"cookies","status":"publish","type":"page","link":"https:\/\/amidasi.amidas.eu\/de\/cookies\/","title":{"rendered":"Cookies"},"content":{"rendered":"<p>[vc_row equal_height=&#8220;yes&#8220; bg_type=&#8220;bg_color&#8220; bg_override=&#8220;ex-full&#8220; bg_color_value=&#8220;#f2f2f2&#8243; el_class=&#8220;equal blog-posts&#8220; css=&#8220;.vc_custom_1495755308081{padding-top: 20px !important;padding-bottom: 20px !important;}&#8220;][vc_column css=&#8220;.vc_custom_1495910294313{margin-top: 0px !important;margin-bottom: 0px !important;border-top-width: 0px !important;border-bottom-width: 0px !important;}&#8220; offset=&#8220;vc_col-sm-offset-0 vc_col-xs-offset-1 vc_col-xs-10&#8243;][vc_column_text]<\/p>\n<p><b>Was sind Cookies?<\/b><\/p>\n<p>&nbsp;<\/p>\n<p>Cookies sind kurze Textdateien, die von der Website an den Browser geschickt werden (sofern die Website Cookies verwendet). Hauptziel der Cookies ist, dass der Web-Server den Rechner wiedererkennt. Cookies sind kein Muss, doch verbessern Sie die Nutzererfahrung erheblich. Unsere Website verwendet Cookies ausschlie\u00dflich f\u00fcr Besuchsanalysen. Bitte nehmen Sie zur Kenntnis, dass Sie durch die Benutzung unserer Website der Verwendung von Cookies zustimmen.<\/p>\n<p>&nbsp;<\/p>\n<p><b>Arten von Cookies<\/b><\/p>\n<p>&nbsp;<\/p>\n<p>Cookies sind kleine Dateien, die von der Website w\u00e4hrend Ihres Besuches der Website auf Ihrem Rechner platziert werden, um darin Informationen zu speichern. Auf diese Weise wird die Steuerung Ihres n\u00e4chsten Besuchs vereinfacht und beschleunigt. Wir unterscheiden zwei Arten von Cookies, und zwar:<\/p>\n<p>Tempor\u00e4re Cookies, die zeitweilig Daten speichern, w\u00e4hrend Sie browsen, und gel\u00f6scht werden, sobald Sie Ihren Browser schlie\u00dfen. Permanente Cookies, die auf Ihrem Ger\u00e4t bestehen bleiben und jedes Mal aktiviert werden, wenn Sie die Website wieder besuchen.<\/p>\n<p>&nbsp;<\/p>\n<p><b>Welche permanenten Cookies verwendet unsere Website?<\/b><\/p>\n<p>&nbsp;<\/p>\n<p>Auf unserer Website verwenden wir:<\/p>\n<p>Google Analytics Cookies (_utma, _utmb, _utmc, _utmz). Mehr zu den Google Analytics Cookies k\u00f6nnen Sie hier nachlesen.<\/p>\n<p>Session-Cookies (Das Cookie wird f\u00fcr die Dauer der Sitzung im Zwischenspeicher des Browsers gespeichert und bei Schlie\u00dfen des Browsers wieder gel\u00f6scht. Session-Cookies speichern keine Nutzerdaten.)<\/p>\n<p>&nbsp;<\/p>\n<p><b>Blockieren von Cookies<\/b><\/p>\n<p>&nbsp;<\/p>\n<p>In den Einstellungen Ihres Browsers k\u00f6nnen Sie die Cookies jederzeit deaktivieren, doch raten wir Ihnen davon ab. Informationen zu Cookie-Einstellungen in den einzelnen Browsern stehen unter nachstehenden Links zur Verf\u00fcgung:<\/p>\n<p>&nbsp;<\/p>\n<p><a href=\"https:\/\/support.google.com\/chrome\/answer\/95647?hl=sl-sl&amp;p=cpn_cookies\">Chrome<\/a>\u00a0|\u00a0<a href=\"https:\/\/support.mozilla.org\/sl\/kb\/kako-omogocite-onemogocite-piskotke?redirectlocale=sl&amp;cache=no&amp;redirectslug=Kako+aktivirate+in+deaktivirate+pi%C5%A1kote\">Firefox<\/a>\u00a0|\u00a0<a href=\"https:\/\/support.microsoft.com\/sl-si\/help\/17442\/windows-internet-explorer-delete-manage-cookies\">Internet Explorer<\/a>\u00a0|\u00a0<a href=\"https:\/\/www.opera.com\/help\/tutorials\/security\/privacy\/\">Opera<\/a>\u00a0|\u00a0<a href=\"https:\/\/support.apple.com\/safari\">Safari<\/a>[\/vc_column_text][\/vc_column][\/vc_row][vc_row el_class=&#8220;nopadding&#8220;][vc_column css=&#8220;.vc_custom_1495755514796{margin-top: 0px !important;padding-top: 0px !important;}&#8220;][templatera id=&#8220;11405&#8243;][\/vc_column][\/vc_row][vc_row content_placement=&#8220;middle&#8220; el_class=&#8220;templatera&#8220; css=&#8220;.vc_custom_1495755390965{margin-top: 0px !important;margin-bottom: 0px !important;padding-top: 0px !important;padding-bottom: 0px !important;}&#8220;][vc_column][templatera id=&#8220; &#8222;][\/vc_column][\/vc_row]<\/p>\n","protected":false},"excerpt":{"rendered":"<p>[vc_row equal_height=&#8220;yes&#8220; bg_type=&#8220;bg_color&#8220; bg_override=&#8220;ex-full&#8220; bg_color_value=&#8220;#f2f2f2&#8243; el_class=&#8220;equal blog-posts&#8220; css=&#8220;.vc_custom_1495755308081{padding-top: 20px !important;padding-bottom: [&hellip;]<\/p>\n","protected":false},"author":1,"featured_media":0,"parent":0,"menu_order":30,"comment_status":"closed","ping_status":"closed","template":"","meta":{"content-type":"","footnotes":""},"class_list":["post-12546","page","type-page","status-publish","hentry"],"_links":{"self":[{"href":"https:\/\/amidasi.amidas.eu\/de\/wp-json\/wp\/v2\/pages\/12546","targetHints":{"allow":["GET"]}}],"collection":[{"href":"https:\/\/amidasi.amidas.eu\/de\/wp-json\/wp\/v2\/pages"}],"about":[{"href":"https:\/\/amidasi.amidas.eu\/de\/wp-json\/wp\/v2\/types\/page"}],"author":[{"embeddable":true,"href":"https:\/\/amidasi.amidas.eu\/de\/wp-json\/wp\/v2\/users\/1"}],"replies":[{"embeddable":true,"href":"https:\/\/amidasi.amidas.eu\/de\/wp-json\/wp\/v2\/comments?post=12546"}],"version-history":[{"count":0,"href":"https:\/\/amidasi.amidas.eu\/de\/wp-json\/wp\/v2\/pages\/12546\/revisions"}],"wp:attachment":[{"href":"https:\/\/amidasi.amidas.eu\/de\/wp-json\/wp\/v2\/media?parent=12546"}],"curies":[{"name":"wp","href":"https:\/\/api.w.org\/{rel}","templated":true}]}}